{"id":480,"date":"2025-09-15T11:47:58","date_gmt":"2025-09-15T09:47:58","guid":{"rendered":"https:\/\/gerecseglamping.com\/?page_id=480"},"modified":"2025-10-09T09:02:02","modified_gmt":"2025-10-09T07:02:02","slug":"gyik","status":"publish","type":"page","link":"https:\/\/gerecseglamping.com\/en\/gyik\/","title":{"rendered":"FAQ"},"content":{"rendered":"<style>.elementor-480 .elementor-element.elementor-element-1a582fdd:not(.elementor-motion-effects-element-type-background), .elementor-480 .elementor-element.elementor-element-1a582fdd > .elementor-motion-effects-container > .elementor-motion-effects-layer{background-image:url(\"https:\/\/gerecseglamping.com\/wp-content\/uploads\/2025\/09\/thumbnail-2.jpg\");background-position:center center;background-size:cover;}.elementor-480 .elementor-element.elementor-element-1a582fdd > .elementor-background-overlay{background-color:transparent;background-image:linear-gradient(180deg, var( --e-global-color-faf5d15 ) 0%, var( --e-global-color-2b1ce78 ) 100%);opacity:0.5;transition:background 0.3s, border-radius 0.3s, opacity 0.3s;}.elementor-480 .elementor-element.elementor-element-1a582fdd{transition:background 0.3s, border 0.3s, border-radius 0.3s, box-shadow 0.3s;margin-top:0px;margin-bottom:0px;padding:300px 0px 100px 0px;}.elementor-480 .elementor-element.elementor-element-7885a343 > .elementor-element-populated{margin:0px 0px 0px 0px;--e-column-margin-right:0px;--e-column-margin-left:0px;padding:0px 0px 0px 0px;}.elementor-480 .elementor-element.elementor-element-5edfc291{text-align:center;}.elementor-480 .elementor-element.elementor-element-10ec0499{text-align:center;padding:0px 0px 0px 0px;}.elementor-480 .elementor-element.elementor-element-10ec0499 .elementor-heading-title{font-family:var( --e-global-typography-097ad34-font-family ), Sans-serif;font-size:var( --e-global-typography-097ad34-font-size );font-weight:var( --e-global-typography-097ad34-font-weight );text-transform:var( --e-global-typography-097ad34-text-transform );line-height:var( --e-global-typography-097ad34-line-height );letter-spacing:var( --e-global-typography-097ad34-letter-spacing );word-spacing:var( --e-global-typography-097ad34-word-spacing );color:var( --e-global-color-76544c2 );}.elementor-480 .elementor-element.elementor-element-045ecc7 .elementor-button{background-color:var( --e-global-color-eb507f3 );border-style:solid;border-width:1px 1px 1px 1px;}.elementor-480 .elementor-element.elementor-element-045ecc7 .elementor-button:hover, .elementor-480 .elementor-element.elementor-element-045ecc7 .elementor-button:focus{background-color:var( --e-global-color-dec7acc );border-color:var( --e-global-color-dec7acc );}.elementor-480 .elementor-element.elementor-element-045ecc7{margin:20px 0px calc(var(--kit-widget-spacing, 0px) + 0px) 0px;}.elementor-480 .elementor-element.elementor-element-5f991b06{margin-top:0px;margin-bottom:0px;padding:100px 0px 100px 0px;}.elementor-480 .elementor-element.elementor-element-4673ee79 > .elementor-element-populated{margin:0px 0px 0px 0px;--e-column-margin-right:0px;--e-column-margin-left:0px;padding:0px 25px 0px 0px;}.elementor-480 .elementor-element.elementor-element-322a4a8 .elementskit-single-faq .elementskit-faq-header{background-color:var( --e-global-color-2a3cbd7 );border-radius:5px 5px 5px 5px;padding:21px 40px 21px 40px;}.elementor-480 .elementor-element.elementor-element-322a4a8 .elementskit-single-faq .elementskit-faq-body{padding:30px 40px 30px 40px;}.elementor-480 .elementor-element.elementor-element-14ed2c1c > .elementor-element-populated{margin:0px 0px 0px 0px;--e-column-margin-right:0px;--e-column-margin-left:0px;padding:0px 0px 0px 25px;}.elementor-480 .elementor-element.elementor-element-6de4d259 .elementskit-single-faq .elementskit-faq-header{background-color:var( --e-global-color-2a3cbd7 );border-radius:5px 5px 5px 5px;padding:21px 40px 21px 40px;}.elementor-480 .elementor-element.elementor-element-6de4d259 .elementskit-single-faq .elementskit-faq-body{padding:30px 40px 30px 40px;}.elementor-480 .elementor-element.elementor-element-1b542175 .elementor-background-slideshow__slide__image{background-size:cover;background-position:center center;}.elementor-480 .elementor-element.elementor-element-1b542175 > .elementor-background-overlay{background-color:var( --e-global-color-2b1ce78 );opacity:0.5;transition:background 0.3s, border-radius 0.3s, opacity 0.3s;}.elementor-480 .elementor-element.elementor-element-1b542175{transition:background 0.3s, border 0.3s, border-radius 0.3s, box-shadow 0.3s;margin-top:0px;margin-bottom:0px;padding:150px 0px 100px 0px;}.elementor-480 .elementor-element.elementor-element-8dc7a82 > .elementor-element-populated{margin:0px 0px 0px 0px;--e-column-margin-right:0px;--e-column-margin-left:0px;padding:0px 0px 0px 0px;}.elementor-480 .elementor-element.elementor-element-4382085d{text-align:center;}.elementor-480 .elementor-element.elementor-element-ed12691 .elementor-button{background-color:var( --e-global-color-eb507f3 );border-style:solid;border-width:1px 1px 1px 1px;}.elementor-480 .elementor-element.elementor-element-ed12691 .elementor-button:hover, .elementor-480 .elementor-element.elementor-element-ed12691 .elementor-button:focus{background-color:var( --e-global-color-dec7acc );border-color:var( --e-global-color-dec7acc );}.elementor-480 .elementor-element.elementor-element-ed12691{margin:20px 0px calc(var(--kit-widget-spacing, 0px) + 0px) 0px;}:root{--page-title-display:none;}@media(max-width:1024px){.elementor-480 .elementor-element.elementor-element-1a582fdd{padding:150px 30px 100px 30px;}.elementor-480 .elementor-element.elementor-element-10ec0499 .elementor-heading-title{font-size:var( --e-global-typography-097ad34-font-size );line-height:var( --e-global-typography-097ad34-line-height );letter-spacing:var( --e-global-typography-097ad34-letter-spacing );word-spacing:var( --e-global-typography-097ad34-word-spacing );}.elementor-480 .elementor-element.elementor-element-5f991b06{padding:100px 30px 100px 30px;}.elementor-480 .elementor-element.elementor-element-1b542175{padding:150px 30px 100px 30px;}}@media(max-width:767px){.elementor-480 .elementor-element.elementor-element-1a582fdd{padding:200px 20px 100px 20px;}.elementor-480 .elementor-element.elementor-element-10ec0499 .elementor-heading-title{font-size:var( --e-global-typography-097ad34-font-size );line-height:var( --e-global-typography-097ad34-line-height );letter-spacing:var( --e-global-typography-097ad34-letter-spacing );word-spacing:var( --e-global-typography-097ad34-word-spacing );}.elementor-480 .elementor-element.elementor-element-5f991b06{padding:50px 20px 100px 20px;}.elementor-480 .elementor-element.elementor-element-4673ee79 > .elementor-element-populated{padding:0px 0px 0px 0px;}.elementor-480 .elementor-element.elementor-element-14ed2c1c > .elementor-element-populated{padding:0px 0px 0px 0px;}.elementor-480 .elementor-element.elementor-element-1b542175{padding:150px 20px 100px 20px;}}<\/style>\t\t<div data-elementor-type=\"wp-page\" data-elementor-id=\"480\" class=\"elementor elementor-480\" data-elementor-post-type=\"page\">\n\t\t\t\t\t\t<section class=\"elementor-section elementor-top-section elementor-element elementor-element-1a582fdd elementor-section-boxed elementor-section-height-default elementor-section-height-default\" data-id=\"1a582fdd\" data-element_type=\"section\" data-e-type=\"section\" data-settings=\"{&quot;background_background&quot;:&quot;classic&quot;}\">\n\t\t\t\t\t\t\t<div class=\"elementor-background-overlay\"><\/div>\n\t\t\t\t\t\t\t<div class=\"elementor-container elementor-column-gap-default\">\n\t\t\t\t\t<div class=\"elementor-column elementor-col-100 elementor-top-column elementor-element elementor-element-7885a343\" data-id=\"7885a343\" data-element_type=\"column\" data-e-type=\"column\">\n\t\t\t<div class=\"elementor-widget-wrap elementor-element-populated\">\n\t\t\t\t\t\t<div class=\"elementor-element elementor-element-5edfc291 elementor-widget elementor-widget-heading\" data-id=\"5edfc291\" data-element_type=\"widget\" data-e-type=\"widget\" data-widget_type=\"heading.default\">\n\t\t\t\t\t<h1 class=\"elementor-heading-title elementor-size-default\">GYIK<\/h1>\t\t\t\t<\/div>\n\t\t\t\t<div class=\"elementor-element elementor-element-10ec0499 elementor-widget elementor-widget-heading\" data-id=\"10ec0499\" data-element_type=\"widget\" data-e-type=\"widget\" data-widget_type=\"heading.default\">\n\t\t\t\t\t<h2 class=\"elementor-heading-title elementor-size-default\">Gyakran Ism\u00e9telt K\u00e9rd\u00e9sek<\/h2>\t\t\t\t<\/div>\n\t\t\t\t<div class=\"elementor-element elementor-element-045ecc7 elementor-mobile-align-center elementor-align-center elementor-invisible elementor-widget elementor-widget-button\" data-id=\"045ecc7\" data-element_type=\"widget\" data-e-type=\"widget\" data-settings=\"{&quot;_animation&quot;:&quot;fadeInUp&quot;}\" data-widget_type=\"button.default\">\n\t\t\t\t\t\t\t\t\t\t<a class=\"elementor-button elementor-button-link elementor-size-sm\" href=\"https:\/\/gerecseglamping.com\/kapcsolat\/\">\n\t\t\t\t\t\t<span class=\"elementor-button-content-wrapper\">\n\t\t\t\t\t\t\t\t\t<span class=\"elementor-button-text\">Foglalj most!<\/span>\n\t\t\t\t\t<\/span>\n\t\t\t\t\t<\/a>\n\t\t\t\t\t\t\t\t<\/div>\n\t\t\t\t\t<\/div>\n\t\t<\/div>\n\t\t\t\t\t<\/div>\n\t\t<\/section>\n\t\t\t\t<section class=\"elementor-section elementor-top-section elementor-element elementor-element-5f991b06 elementor-section-boxed elementor-section-height-default elementor-section-height-default\" data-id=\"5f991b06\" data-element_type=\"section\" data-e-type=\"section\">\n\t\t\t\t\t\t<div class=\"elementor-container elementor-column-gap-default\">\n\t\t\t\t\t<div class=\"elementor-column elementor-col-50 elementor-top-column elementor-element elementor-element-4673ee79\" data-id=\"4673ee79\" data-element_type=\"column\" data-e-type=\"column\">\n\t\t\t<div class=\"elementor-widget-wrap elementor-element-populated\">\n\t\t\t\t\t\t<div class=\"elementor-element elementor-element-322a4a8 elementor-widget elementor-widget-elementskit-faq\" data-id=\"322a4a8\" data-element_type=\"widget\" data-e-type=\"widget\" data-widget_type=\"elementskit-faq.default\">\n\t\t\t\t\t<div class=\"ekit-wid-con\" >\n                <div class=\"elementskit-single-faq elementor-repeater-item-5153e44\">\n            <div class=\"elementskit-faq-header\">\n                <h2 class=\"elementskit-faq-title\">Minimum h\u00e1ny \u00e9jszak\u00e1ra foglalhat\u00f3k?<\/h2>\n            <\/div>\n            <div class=\"elementskit-faq-body\">\n                Minimum 2 \u00e9j (szabad hely eset\u00e9n 1 \u00e9j 68 000 Ft\/\u00e9j). \n            <\/div>\n        <\/div>\n                <div class=\"elementskit-single-faq elementor-repeater-item-f066454\">\n            <div class=\"elementskit-faq-header\">\n                <h2 class=\"elementskit-faq-title\">Mikor lehet \u00e9rkezni \u00e9s t\u00e1vozni?<\/h2>\n            <\/div>\n            <div class=\"elementskit-faq-body\">\n                \u00c9rkez\u00e9s 15:00\u2011t\u00f3l, t\u00e1voz\u00e1s 10:00\u2011ig; egyedi egyeztet\u00e9s lehets\u00e9ges.             <\/div>\n        <\/div>\n                <div class=\"elementskit-single-faq elementor-repeater-item-8099208\">\n            <div class=\"elementskit-faq-header\">\n                <h2 class=\"elementskit-faq-title\">Feln\u0151ttbar\u00e1t a sz\u00e1ll\u00e1s?<\/h2>\n            <\/div>\n            <div class=\"elementskit-faq-body\">\n                Igen, 18 \u00e9v alatt nem fogad vend\u00e9get, max. 2 f\u0151.             <\/div>\n        <\/div>\n                <div class=\"elementskit-single-faq elementor-repeater-item-bac2013\">\n            <div class=\"elementskit-faq-header\">\n                <h2 class=\"elementskit-faq-title\">Van parkol\u00e1s \u00e9s Wi\u2011Fi?<\/h2>\n            <\/div>\n            <div class=\"elementskit-faq-body\">\n                Igen, ingyenes parkol\u00e1s \u00e9s Wi\u2011Fi.            <\/div>\n        <\/div>\n                <div class=\"elementskit-single-faq elementor-repeater-item-a59aaaa\">\n            <div class=\"elementskit-faq-header\">\n                <h2 class=\"elementskit-faq-title\">Van reggeli?<\/h2>\n            <\/div>\n            <div class=\"elementskit-faq-body\">\n                 Reggeli kos\u00e1r k\u00e9rhet\u0151 9 900 Ft\/2 f\u0151.             <\/div>\n        <\/div>\n                <div class=\"elementskit-single-faq elementor-repeater-item-e2ecfbb\">\n            <div class=\"elementskit-faq-header\">\n                <h2 class=\"elementskit-faq-title\">Lehet k\u00e9s\u0151i kijelentkez\u00e9s?<\/h2>\n            <\/div>\n            <div class=\"elementskit-faq-body\">\n                 Igen, egyeztet\u00e9s \u00e9s foglalts\u00e1g f\u00fcggv\u00e9ny\u00e9ben.             <\/div>\n        <\/div>\n                \n    <\/div>\t\t\t\t<\/div>\n\t\t\t\t\t<\/div>\n\t\t<\/div>\n\t\t\t\t<div class=\"elementor-column elementor-col-50 elementor-top-column elementor-element elementor-element-14ed2c1c\" data-id=\"14ed2c1c\" data-element_type=\"column\" data-e-type=\"column\">\n\t\t\t<div class=\"elementor-widget-wrap elementor-element-populated\">\n\t\t\t\t\t\t<div class=\"elementor-element elementor-element-6de4d259 elementor-widget elementor-widget-elementskit-faq\" data-id=\"6de4d259\" data-element_type=\"widget\" data-e-type=\"widget\" data-widget_type=\"elementskit-faq.default\">\n\t\t\t\t\t<div class=\"ekit-wid-con\" >\n                <div class=\"elementskit-single-faq elementor-repeater-item-5153e44\">\n            <div class=\"elementskit-faq-header\">\n                <h2 class=\"elementskit-faq-title\">Lemond\u00e1s felt\u00e9telei?<\/h2>\n            <\/div>\n            <div class=\"elementskit-faq-body\">\n                \u00c9rkez\u00e9s el\u0151tt 14 nappal d\u00edjmentes.\n            <\/div>\n        <\/div>\n                <div class=\"elementskit-single-faq elementor-repeater-item-f066454\">\n            <div class=\"elementskit-faq-header\">\n                <h2 class=\"elementskit-faq-title\">Van kulcssz\u00e9f?<\/h2>\n            <\/div>\n            <div class=\"elementskit-faq-body\">\n                Igen, k\u00e9r\u00e9sre megoldhat\u00f3  tal\u00e1lkoz\u00e1smentes \u00e1tv\u00e9tel.            <\/div>\n        <\/div>\n                <div class=\"elementskit-single-faq elementor-repeater-item-8099208\">\n            <div class=\"elementskit-faq-header\">\n                <h2 class=\"elementskit-faq-title\">Hozhatok kis\u00e1llatot?<\/h2>\n            <\/div>\n            <div class=\"elementskit-faq-body\">\n                Nem, kis\u00e1llat nem hozhat\u00f3.             <\/div>\n        <\/div>\n                <div class=\"elementskit-single-faq elementor-repeater-item-b36de8b\">\n            <div class=\"elementskit-faq-header\">\n                <h2 class=\"elementskit-faq-title\">Milyen fizet\u00e9si m\u00f3dok vannak? <\/h2>\n            <\/div>\n            <div class=\"elementskit-faq-body\">\n                K\u00e9szp\u00e9nz, el\u0151re utal\u00e1s, k\u00e1rtya, SZ\u00c9P k\u00e1rtya.             <\/div>\n        <\/div>\n                <div class=\"elementskit-single-faq elementor-repeater-item-b0913ca\">\n            <div class=\"elementskit-faq-header\">\n                <h2 class=\"elementskit-faq-title\">Wellness haszn\u00e1lat?<\/h2>\n            <\/div>\n            <div class=\"elementskit-faq-body\">\n                Priv\u00e1t jacuzzi \u00e9s szauna \u2013 r\u00e9szletek \u00e9rkez\u00e9skor. \n            <\/div>\n        <\/div>\n                <div class=\"elementskit-single-faq elementor-repeater-item-5e79742\">\n            <div class=\"elementskit-faq-header\">\n                <h2 class=\"elementskit-faq-title\">Hogyan k\u00f6zel\u00edthet\u0151 meg a h\u00e1z?<\/h2>\n            <\/div>\n            <div class=\"elementskit-faq-body\">\n                B\u00e1nyahegyi utc\u00e1n fel, jobb murv\u00e1s \u00fat, ~200 m. (T\u00e9rk\u00e9pes \u00fatmutat\u00f3 a Foglal\u00e1s oldalon.) \n            <\/div>\n        <\/div>\n                \n    <\/div>\t\t\t\t<\/div>\n\t\t\t\t\t<\/div>\n\t\t<\/div>\n\t\t\t\t\t<\/div>\n\t\t<\/section>\n\t\t\t\t<section class=\"elementor-section elementor-top-section elementor-element elementor-element-1b542175 elementor-section-boxed elementor-section-height-default elementor-section-height-default\" data-id=\"1b542175\" data-element_type=\"section\" data-e-type=\"section\" data-settings=\"{&quot;background_background&quot;:&quot;slideshow&quot;,&quot;background_slideshow_gallery&quot;:[{&quot;id&quot;:360,&quot;url&quot;:&quot;https:\\\/\\\/gerecseglamping.com\\\/wp-content\\\/uploads\\\/2025\\\/09\\\/Gerecse-Glamping-vendeghaz-pihenes-termeszet-14.jpg&quot;},{&quot;id&quot;:362,&quot;url&quot;:&quot;https:\\\/\\\/gerecseglamping.com\\\/wp-content\\\/uploads\\\/2025\\\/09\\\/Gerecse-Glamping-vendeghaz-pihenes-termeszet-16.jpg&quot;},{&quot;id&quot;:359,&quot;url&quot;:&quot;https:\\\/\\\/gerecseglamping.com\\\/wp-content\\\/uploads\\\/2025\\\/09\\\/Gerecse-Glamping-vendeghaz-pihenes-termeszet-13.jpg&quot;}],&quot;background_slideshow_ken_burns&quot;:&quot;yes&quot;,&quot;background_slideshow_ken_burns_zoom_direction&quot;:&quot;out&quot;,&quot;background_slideshow_loop&quot;:&quot;yes&quot;,&quot;background_slideshow_slide_duration&quot;:5000,&quot;background_slideshow_slide_transition&quot;:&quot;fade&quot;,&quot;background_slideshow_transition_duration&quot;:500}\">\n\t\t\t\t\t\t\t<div class=\"elementor-background-overlay\"><\/div>\n\t\t\t\t\t\t\t<div class=\"elementor-container elementor-column-gap-default\">\n\t\t\t\t\t<div class=\"elementor-column elementor-col-100 elementor-top-column elementor-element elementor-element-8dc7a82\" data-id=\"8dc7a82\" data-element_type=\"column\" data-e-type=\"column\">\n\t\t\t<div class=\"elementor-widget-wrap elementor-element-populated\">\n\t\t\t\t\t\t<div class=\"elementor-element elementor-element-4382085d elementor-widget elementor-widget-heading\" data-id=\"4382085d\" data-element_type=\"widget\" data-e-type=\"widget\" data-widget_type=\"heading.default\">\n\t\t\t\t\t<h2 class=\"elementor-heading-title elementor-size-default\">Gyere \u00e9s n\u00e9zd meg a saj\u00e1t szemeddel<\/h2>\t\t\t\t<\/div>\n\t\t\t\t<div class=\"elementor-element elementor-element-ed12691 elementor-mobile-align-center elementor-align-center elementor-invisible elementor-widget elementor-widget-button\" data-id=\"ed12691\" data-element_type=\"widget\" data-e-type=\"widget\" data-settings=\"{&quot;_animation&quot;:&quot;fadeInUp&quot;}\" data-widget_type=\"button.default\">\n\t\t\t\t\t\t\t\t\t\t<a class=\"elementor-button elementor-button-link elementor-size-sm\" href=\"https:\/\/gerecseglamping.com\/kapcsolat\/\">\n\t\t\t\t\t\t<span class=\"elementor-button-content-wrapper\">\n\t\t\t\t\t\t\t\t\t<span class=\"elementor-button-text\">Foglalj most!<\/span>\n\t\t\t\t\t<\/span>\n\t\t\t\t\t<\/a>\n\t\t\t\t\t\t\t\t<\/div>\n\t\t\t\t\t<\/div>\n\t\t<\/div>\n\t\t\t\t\t<\/div>\n\t\t<\/section>\n\t\t\t\t<\/div>\n\t\t","protected":false},"excerpt":{"rendered":"<p>GYIK Gyakran Ism\u00e9telt K\u00e9rd\u00e9sek Foglalj most! Minimum h\u00e1ny \u00e9jszak\u00e1ra foglalhat\u00f3k? Minimum 2 \u00e9j (szabad hely eset\u00e9n 1 \u00e9j 68 000 Ft\/\u00e9j). Mikor lehet \u00e9rkezni \u00e9s t\u00e1vozni? \u00c9rkez\u00e9s 15:00\u2011t\u00f3l, t\u00e1voz\u00e1s 10:00\u2011ig; egyedi egyeztet\u00e9s lehets\u00e9ges. Feln\u0151ttbar\u00e1t a sz\u00e1ll\u00e1s? Igen, 18 \u00e9v alatt nem fogad vend\u00e9get, max. 2 f\u0151. Van parkol\u00e1s \u00e9s Wi\u2011Fi? Igen, ingyenes parkol\u00e1s \u00e9s Wi\u2011Fi. [&hellip;]<\/p>\n","protected":false},"author":1,"featured_media":0,"parent":0,"menu_order":0,"comment_status":"closed","ping_status":"closed","template":"elementor_header_footer","meta":{"_monsterinsights_skip_tracking":false,"_monsterinsights_sitenote_active":false,"_monsterinsights_sitenote_note":"","_monsterinsights_sitenote_category":0,"footnotes":""},"class_list":["post-480","page","type-page","status-publish","hentry"],"aioseo_notices":[],"_links":{"self":[{"href":"https:\/\/gerecseglamping.com\/en\/wp-json\/wp\/v2\/pages\/480","targetHints":{"allow":["GET"]}}],"collection":[{"href":"https:\/\/gerecseglamping.com\/en\/wp-json\/wp\/v2\/pages"}],"about":[{"href":"https:\/\/gerecseglamping.com\/en\/wp-json\/wp\/v2\/types\/page"}],"author":[{"embeddable":true,"href":"https:\/\/gerecseglamping.com\/en\/wp-json\/wp\/v2\/users\/1"}],"replies":[{"embeddable":true,"href":"https:\/\/gerecseglamping.com\/en\/wp-json\/wp\/v2\/comments?post=480"}],"version-history":[{"count":22,"href":"https:\/\/gerecseglamping.com\/en\/wp-json\/wp\/v2\/pages\/480\/revisions"}],"predecessor-version":[{"id":793,"href":"https:\/\/gerecseglamping.com\/en\/wp-json\/wp\/v2\/pages\/480\/revisions\/793"}],"wp:attachment":[{"href":"https:\/\/gerecseglamping.com\/en\/wp-json\/wp\/v2\/media?parent=480"}],"curies":[{"name":"wp","href":"https:\/\/api.w.org\/{rel}","templated":true}]}}